{"id":1153,"date":"2020-02-23T17:53:08","date_gmt":"2020-02-23T17:53:08","guid":{"rendered":"https:\/\/wessinger-kunst.de\/?page_id=1153"},"modified":"2022-02-23T16:35:39","modified_gmt":"2022-02-23T16:35:39","slug":"1153-2","status":"publish","type":"page","link":"https:\/\/wessinger-kunst.de\/index.php\/1153-2\/","title":{"rendered":"Sandwich"},"content":{"rendered":"<p>[et_pb_section fb_built=&#8220;1&#8243; _builder_version=&#8220;4.4.8&#8243; background_color=&#8220;#002845&#8243; width=&#8220;100%&#8220; global_colors_info=&#8220;{}&#8220;][et_pb_row use_custom_gutter=&#8220;on&#8220; gutter_width=&#8220;2&#8243; _builder_version=&#8220;4.0.2&#8243; width=&#8220;100%&#8220; max_width_tablet=&#8220;&#8220; max_width_phone=&#8220;&#8220; max_width_last_edited=&#8220;on|desktop&#8220; module_alignment=&#8220;center&#8220; custom_margin=&#8220;|auto||-2px||&#8220; global_colors_info=&#8220;{}&#8220; max_width__hover_enabled=&#8220;off|desktop&#8220;][et_pb_column type=&#8220;4_4&#8243; _builder_version=&#8220;3.29.2&#8243; global_colors_info=&#8220;{}&#8220;][et_pb_blurb title=&#8220;Sandwich-Fotos&#8220; content_max_width=&#8220;1100px&#8220; content_max_width_tablet=&#8220;&#8220; content_max_width_phone=&#8220;1100px&#8220; content_max_width_last_edited=&#8220;on|desktop&#8220; _builder_version=&#8220;4.13.0&#8243; body_line_height=&#8220;1.1em&#8220; text_orientation=&#8220;justified&#8220; background_layout=&#8220;dark&#8220; custom_padding=&#8220;||0px|||&#8220; global_colors_info=&#8220;{}&#8220;]<\/p>\n<p class=\"western\" style=\"line-height: 115%; text-align: justify;\" align=\"left\">Ich kombiniere gerne verschiedene Fotos, um damit eine neue Aussage zu schaffen und dem &#8222;Altbekannten&#8220; etwas Neues entgegenzusetzen. Sie entstehen, wenn ich zwei oder mehr Fotos \u00fcbereinander lege und teilweise transparent mache. Dadurch bekommt dieses &#8222;Sandwichfoto&#8220; eine ganz eigene Charakteristik.<\/p>\n<p class=\"western\" style=\"line-height: 115%; text-align: justify;\" align=\"left\">Man erkennt oder meint, das eine oder andere deuten zu k\u00f6nnen, aber bei l\u00e4ngerem Hinschauen k\u00f6nnte es doch etwas anderes sein. Spielen mir jetzt meine Augen einen Streich oder mein Gehirn?<\/p>\n<p class=\"western\" style=\"line-height: 115%; text-align: justify;\" align=\"left\">Wird fortgesetzt &#8230;<\/p>\n<p class=\"western\" style=\"line-height: 115%;\" align=\"left\">[\/et_pb_blurb][et_pb_gallery gallery_ids=&#8220;942,970,961,966,965,967,963,964,950,969,960,959,962,958,957,955,954,953,968,951,949,947,948,946,945,943,941,940,939,956,952,938,933,936,935,934,932,931,930,929,928,944,927,926,925,924,937,923,918,919,920,921,922&#8243; posts_number=&#8220;60&#8243; db_images_per_row=&#8220;4&#8243; db_image_object_fit=&#8220;contain&#8220; dbdb_version=&#8220;3.7.6&#8243; show_pagination=&#8220;off&#8220; zoom_icon_color=&#8220;rgba(0,0,0,0)&#8220; hover_overlay_color=&#8220;rgba(0,0,0,0)&#8220; _builder_version=&#8220;4.14.8&#8243; title_text_align=&#8220;center&#8220; title_text_color=&#8220;#335555&#8243; title_font_size=&#8220;16px&#8220; caption_text_align=&#8220;center&#8220; caption_text_color=&#8220;#335555&#8243; positioning=&#8220;relative&#8220; text_orientation=&#8220;center&#8220; background_layout=&#8220;dark&#8220; width=&#8220;100%&#8220; module_alignment=&#8220;left&#8220; min_height=&#8220;1230px&#8220; custom_padding=&#8220;||20px|||&#8220; hover_enabled=&#8220;0&#8243; global_colors_info=&#8220;{}&#8220; sticky_enabled=&#8220;0&#8243;][\/et_pb_gallery][\/et_pb_column][\/et_pb_row][\/et_pb_section]<\/p>\n","protected":false},"excerpt":{"rendered":"<p>Ich kombiniere gerne verschiedene Fotos, um damit eine neue Aussage zu schaffen und dem &#8222;Altbekannten&#8220; etwas Neues entgegenzusetzen. Sie entstehen, wenn ich zwei oder mehr Fotos \u00fcbereinander lege und teilweise transparent mache. Dadurch bekommt dieses &#8222;Sandwichfoto&#8220; eine ganz eigene Charakteristik. Man erkennt oder meint, das eine oder andere deuten zu k\u00f6nnen, aber bei l\u00e4ngerem Hinschauen [&hellip;]<\/p>\n","protected":false},"author":2,"featured_media":0,"parent":0,"menu_order":0,"comment_status":"closed","ping_status":"closed","template":"","meta":{"_et_pb_use_builder":"on","_et_pb_old_content":"","_et_gb_content_width":"","footnotes":""},"class_list":["post-1153","page","type-page","status-publish","hentry"],"yoast_head":"<!-- This site is optimized with the Yoast SEO plugin v27.5 - https:\/\/yoast.com\/product\/yoast-seo-wordpress\/ -->\n<title>Sandwich - Wessinger-Kunst<\/title>\n<meta name=\"robots\" content=\"index, follow, max-snippet:-1, max-image-preview:large, max-video-preview:-1\" \/>\n<link rel=\"canonical\" href=\"https:\/\/wessinger-kunst.de\/index.php\/1153-2\/\" \/>\n<meta property=\"og:locale\" content=\"de_DE\" \/>\n<meta property=\"og:type\" content=\"article\" \/>\n<meta property=\"og:title\" content=\"Sandwich - Wessinger-Kunst\" \/>\n<meta property=\"og:description\" content=\"Ich kombiniere gerne verschiedene Fotos, um damit eine neue Aussage zu schaffen und dem &quot;Altbekannten&quot; etwas Neues entgegenzusetzen. Sie entstehen, wenn ich zwei oder mehr Fotos \u00fcbereinander lege und teilweise transparent mache. Dadurch bekommt dieses &quot;Sandwichfoto&quot; eine ganz eigene Charakteristik. Man erkennt oder meint, das eine oder andere deuten zu k\u00f6nnen, aber bei l\u00e4ngerem Hinschauen [&hellip;]\" \/>\n<meta property=\"og:url\" content=\"https:\/\/wessinger-kunst.de\/index.php\/1153-2\/\" \/>\n<meta property=\"og:site_name\" content=\"Wessinger-Kunst\" \/>\n<meta property=\"article:modified_time\" content=\"2022-02-23T16:35:39+00:00\" \/>\n<meta name=\"twitter:card\" content=\"summary_large_image\" \/>\n<meta name=\"twitter:label1\" content=\"Gesch\u00e4tzte Lesezeit\" \/>\n\t<meta name=\"twitter:data1\" content=\"1\u00a0Minute\" \/>\n<script type=\"application\/ld+json\" class=\"yoast-schema-graph\">{\"@context\":\"https:\\\/\\\/schema.org\",\"@graph\":[{\"@type\":\"WebPage\",\"@id\":\"https:\\\/\\\/wessinger-kunst.de\\\/index.php\\\/1153-2\\\/\",\"url\":\"https:\\\/\\\/wessinger-kunst.de\\\/index.php\\\/1153-2\\\/\",\"name\":\"Sandwich - Wessinger-Kunst\",\"isPartOf\":{\"@id\":\"https:\\\/\\\/wessinger-kunst.de\\\/#website\"},\"datePublished\":\"2020-02-23T17:53:08+00:00\",\"dateModified\":\"2022-02-23T16:35:39+00:00\",\"breadcrumb\":{\"@id\":\"https:\\\/\\\/wessinger-kunst.de\\\/index.php\\\/1153-2\\\/#breadcrumb\"},\"inLanguage\":\"de\",\"potentialAction\":[{\"@type\":\"ReadAction\",\"target\":[\"https:\\\/\\\/wessinger-kunst.de\\\/index.php\\\/1153-2\\\/\"]}]},{\"@type\":\"BreadcrumbList\",\"@id\":\"https:\\\/\\\/wessinger-kunst.de\\\/index.php\\\/1153-2\\\/#breadcrumb\",\"itemListElement\":[{\"@type\":\"ListItem\",\"position\":1,\"name\":\"Startseite\",\"item\":\"https:\\\/\\\/wessinger-kunst.de\\\/\"},{\"@type\":\"ListItem\",\"position\":2,\"name\":\"Sandwich\"}]},{\"@type\":\"WebSite\",\"@id\":\"https:\\\/\\\/wessinger-kunst.de\\\/#website\",\"url\":\"https:\\\/\\\/wessinger-kunst.de\\\/\",\"name\":\"Wessinger-Kunst\",\"description\":\"ich mache Kunst\",\"potentialAction\":[{\"@type\":\"SearchAction\",\"target\":{\"@type\":\"EntryPoint\",\"urlTemplate\":\"https:\\\/\\\/wessinger-kunst.de\\\/?s={search_term_string}\"},\"query-input\":{\"@type\":\"PropertyValueSpecification\",\"valueRequired\":true,\"valueName\":\"search_term_string\"}}],\"inLanguage\":\"de\"}]}<\/script>\n<!-- \/ Yoast SEO plugin. -->","yoast_head_json":{"title":"Sandwich - Wessinger-Kunst","robots":{"index":"index","follow":"follow","max-snippet":"max-snippet:-1","max-image-preview":"max-image-preview:large","max-video-preview":"max-video-preview:-1"},"canonical":"https:\/\/wessinger-kunst.de\/index.php\/1153-2\/","og_locale":"de_DE","og_type":"article","og_title":"Sandwich - Wessinger-Kunst","og_description":"Ich kombiniere gerne verschiedene Fotos, um damit eine neue Aussage zu schaffen und dem \"Altbekannten\" etwas Neues entgegenzusetzen. Sie entstehen, wenn ich zwei oder mehr Fotos \u00fcbereinander lege und teilweise transparent mache. Dadurch bekommt dieses \"Sandwichfoto\" eine ganz eigene Charakteristik. Man erkennt oder meint, das eine oder andere deuten zu k\u00f6nnen, aber bei l\u00e4ngerem Hinschauen [&hellip;]","og_url":"https:\/\/wessinger-kunst.de\/index.php\/1153-2\/","og_site_name":"Wessinger-Kunst","article_modified_time":"2022-02-23T16:35:39+00:00","twitter_card":"summary_large_image","twitter_misc":{"Gesch\u00e4tzte Lesezeit":"1\u00a0Minute"},"schema":{"@context":"https:\/\/schema.org","@graph":[{"@type":"WebPage","@id":"https:\/\/wessinger-kunst.de\/index.php\/1153-2\/","url":"https:\/\/wessinger-kunst.de\/index.php\/1153-2\/","name":"Sandwich - Wessinger-Kunst","isPartOf":{"@id":"https:\/\/wessinger-kunst.de\/#website"},"datePublished":"2020-02-23T17:53:08+00:00","dateModified":"2022-02-23T16:35:39+00:00","breadcrumb":{"@id":"https:\/\/wessinger-kunst.de\/index.php\/1153-2\/#breadcrumb"},"inLanguage":"de","potentialAction":[{"@type":"ReadAction","target":["https:\/\/wessinger-kunst.de\/index.php\/1153-2\/"]}]},{"@type":"BreadcrumbList","@id":"https:\/\/wessinger-kunst.de\/index.php\/1153-2\/#breadcrumb","itemListElement":[{"@type":"ListItem","position":1,"name":"Startseite","item":"https:\/\/wessinger-kunst.de\/"},{"@type":"ListItem","position":2,"name":"Sandwich"}]},{"@type":"WebSite","@id":"https:\/\/wessinger-kunst.de\/#website","url":"https:\/\/wessinger-kunst.de\/","name":"Wessinger-Kunst","description":"ich mache Kunst","potentialAction":[{"@type":"SearchAction","target":{"@type":"EntryPoint","urlTemplate":"https:\/\/wessinger-kunst.de\/?s={search_term_string}"},"query-input":{"@type":"PropertyValueSpecification","valueRequired":true,"valueName":"search_term_string"}}],"inLanguage":"de"}]}},"_links":{"self":[{"href":"https:\/\/wessinger-kunst.de\/index.php\/wp-json\/wp\/v2\/pages\/1153","targetHints":{"allow":["GET"]}}],"collection":[{"href":"https:\/\/wessinger-kunst.de\/index.php\/wp-json\/wp\/v2\/pages"}],"about":[{"href":"https:\/\/wessinger-kunst.de\/index.php\/wp-json\/wp\/v2\/types\/page"}],"author":[{"embeddable":true,"href":"https:\/\/wessinger-kunst.de\/index.php\/wp-json\/wp\/v2\/users\/2"}],"replies":[{"embeddable":true,"href":"https:\/\/wessinger-kunst.de\/index.php\/wp-json\/wp\/v2\/comments?post=1153"}],"version-history":[{"count":12,"href":"https:\/\/wessinger-kunst.de\/index.php\/wp-json\/wp\/v2\/pages\/1153\/revisions"}],"predecessor-version":[{"id":2519,"href":"https:\/\/wessinger-kunst.de\/index.php\/wp-json\/wp\/v2\/pages\/1153\/revisions\/2519"}],"wp:attachment":[{"href":"https:\/\/wessinger-kunst.de\/index.php\/wp-json\/wp\/v2\/media?parent=1153"}],"curies":[{"name":"wp","href":"https:\/\/api.w.org\/{rel}","templated":true}]}}