{"id":1768,"date":"2020-03-14T11:56:23","date_gmt":"2020-03-14T11:56:23","guid":{"rendered":"https:\/\/wessinger-kunst.de\/?page_id=1768"},"modified":"2022-02-23T16:43:22","modified_gmt":"2022-02-23T16:43:22","slug":"fraktale","status":"publish","type":"page","link":"https:\/\/wessinger-kunst.de\/index.php\/fraktale\/","title":{"rendered":"Fraktale"},"content":{"rendered":"<p>[et_pb_section fb_built=&#8220;1&#8243; _builder_version=&#8220;4.4.8&#8243; background_color=&#8220;#002845&#8243; width=&#8220;100%&#8220; module_alignment=&#8220;center&#8220; global_colors_info=&#8220;{}&#8220;][et_pb_row use_custom_gutter=&#8220;on&#8220; gutter_width=&#8220;2&#8243; _builder_version=&#8220;4.0.2&#8243; width=&#8220;100%&#8220; max_width_tablet=&#8220;&#8220; max_width_phone=&#8220;&#8220; max_width_last_edited=&#8220;on|desktop&#8220; module_alignment=&#8220;center&#8220; custom_margin=&#8220;|auto||-2px||&#8220; global_colors_info=&#8220;{}&#8220; max_width__hover_enabled=&#8220;off|desktop&#8220;][et_pb_column type=&#8220;4_4&#8243; _builder_version=&#8220;3.29.2&#8243; global_colors_info=&#8220;{}&#8220;][et_pb_blurb title=&#8220;Fraktale&#8220; content_max_width=&#8220;1100px&#8220; content_max_width_tablet=&#8220;&#8220; content_max_width_phone=&#8220;1100px&#8220; content_max_width_last_edited=&#8220;on|desktop&#8220; _builder_version=&#8220;4.13.0&#8243; body_line_height=&#8220;1.1em&#8220; text_orientation=&#8220;justified&#8220; background_layout=&#8220;dark&#8220; custom_padding=&#8220;||0px|||&#8220; global_colors_info=&#8220;{}&#8220;]<\/p>\n<p class=\"western\" style=\"line-height: 115%;\" align=\"left\"><b>Fraktale <\/b>werden auch als Archetypen der Sch\u00f6pfung bezeichnet. Sie sind ein von dem Mathematiker Beno\u00eet Mandelbrot gepr\u00e4gter Begriff (lateinisch <i>fractus<\/i> = gebrochen), der bestimmte nat\u00fcrliche oder k\u00fcnstliche Gebilde oder geometrische Muster bezeichnet. Diese Gebilde oder Muster besitzen eine gebrochene Hausdorff-Dimension (= ma\u00dftheoretische Definition der fraktalen Dimension) und weisen zudem einen hohen Grad von Skaleninvarianz bzw. Selbst\u00e4hnlichkeit auf. Das ist beispielsweise dann der Fall, wenn ein Objekt aus mehreren verkleinerten Kopien seiner selbst besteht.<\/p>\n<p class=\"western\" style=\"line-height: 115%;\" align=\"left\">Fraktale Muster erkennt man z.B. in einem Farnblatt oder in dem blumenkohl\u00e4hnlichen Romanescu, in der Mathematik, z.B. in der Koch-Kurve und in der Cantormenge, oder in der geometrischen Struktur einer Schneeflocke.<\/p>\n<p class=\"western\" style=\"line-height: 115%;\" align=\"left\">Das Kleine wird im Gro\u00dfen wiederholt, das Gro\u00dfe wiederholt sich im Kleinen. Aus dem scheinbaren Chaos entsteht wieder eine Ordnung.<\/p>\n<p>[\/et_pb_blurb][et_pb_gallery gallery_ids=&#8220;492,491,490,489,488,487,486,485,484,483,482,481,480,479,478,477,476,475,474,473,472,471,470,469,468,467,466,465,464,463,462,461,460,459,458,457,456,455,454,453,452,451,450,449,448,447,446,445,444,443,442,441,440,439,438,437,436,435,434,433,432,431,430,429,428,427,426,425&#8243; posts_number=&#8220;80&#8243; db_images_per_row=&#8220;4&#8243; db_image_center_titles=&#8220;center&#8220; db_image_object_fit=&#8220;contain&#8220; dbdb_version=&#8220;3.7.6&#8243; show_pagination=&#8220;off&#8220; zoom_icon_color=&#8220;rgba(0,0,0,0)&#8220; hover_overlay_color=&#8220;rgba(0,0,0,0)&#8220; _builder_version=&#8220;4.14.8&#8243; title_text_color=&#8220;#4f7272&#8243; caption_text_align=&#8220;center&#8220; caption_text_color=&#8220;#4f7272&#8243; positioning=&#8220;relative&#8220; text_orientation=&#8220;center&#8220; background_layout=&#8220;dark&#8220; width=&#8220;100%&#8220; module_alignment=&#8220;left&#8220; hover_enabled=&#8220;0&#8243; global_colors_info=&#8220;{}&#8220; sticky_enabled=&#8220;0&#8243;][\/et_pb_gallery][\/et_pb_column][\/et_pb_row][\/et_pb_section]<\/p>\n","protected":false},"excerpt":{"rendered":"<p>Fraktale werden auch als Archetypen der Sch\u00f6pfung bezeichnet. Sie sind ein von dem Mathematiker Beno\u00eet Mandelbrot gepr\u00e4gter Begriff (lateinisch fractus = gebrochen), der bestimmte nat\u00fcrliche oder k\u00fcnstliche Gebilde oder geometrische Muster bezeichnet. Diese Gebilde oder Muster besitzen eine gebrochene Hausdorff-Dimension (= ma\u00dftheoretische Definition der fraktalen Dimension) und weisen zudem einen hohen Grad von Skaleninvarianz bzw. [&hellip;]<\/p>\n","protected":false},"author":2,"featured_media":0,"parent":0,"menu_order":0,"comment_status":"closed","ping_status":"closed","template":"","meta":{"_et_pb_use_builder":"on","_et_pb_old_content":"","_et_gb_content_width":"","footnotes":""},"class_list":["post-1768","page","type-page","status-publish","hentry"],"yoast_head":"<!-- This site is optimized with the Yoast SEO plugin v27.4 - https:\/\/yoast.com\/product\/yoast-seo-wordpress\/ -->\n<title>Fraktale - Wessinger-Kunst<\/title>\n<meta name=\"robots\" content=\"index, follow, max-snippet:-1, max-image-preview:large, max-video-preview:-1\" \/>\n<link rel=\"canonical\" href=\"https:\/\/wessinger-kunst.de\/index.php\/fraktale\/\" \/>\n<meta property=\"og:locale\" content=\"de_DE\" \/>\n<meta property=\"og:type\" content=\"article\" \/>\n<meta property=\"og:title\" content=\"Fraktale - Wessinger-Kunst\" \/>\n<meta property=\"og:description\" content=\"Fraktale werden auch als Archetypen der Sch\u00f6pfung bezeichnet. Sie sind ein von dem Mathematiker Beno\u00eet Mandelbrot gepr\u00e4gter Begriff (lateinisch fractus = gebrochen), der bestimmte nat\u00fcrliche oder k\u00fcnstliche Gebilde oder geometrische Muster bezeichnet. Diese Gebilde oder Muster besitzen eine gebrochene Hausdorff-Dimension (= ma\u00dftheoretische Definition der fraktalen Dimension) und weisen zudem einen hohen Grad von Skaleninvarianz bzw. [&hellip;]\" \/>\n<meta property=\"og:url\" content=\"https:\/\/wessinger-kunst.de\/index.php\/fraktale\/\" \/>\n<meta property=\"og:site_name\" content=\"Wessinger-Kunst\" \/>\n<meta property=\"article:modified_time\" content=\"2022-02-23T16:43:22+00:00\" \/>\n<meta name=\"twitter:card\" content=\"summary_large_image\" \/>\n<meta name=\"twitter:label1\" content=\"Gesch\u00e4tzte Lesezeit\" \/>\n\t<meta name=\"twitter:data1\" content=\"2\u00a0Minuten\" \/>\n<script type=\"application\/ld+json\" class=\"yoast-schema-graph\">{\"@context\":\"https:\\\/\\\/schema.org\",\"@graph\":[{\"@type\":\"WebPage\",\"@id\":\"https:\\\/\\\/wessinger-kunst.de\\\/index.php\\\/fraktale\\\/\",\"url\":\"https:\\\/\\\/wessinger-kunst.de\\\/index.php\\\/fraktale\\\/\",\"name\":\"Fraktale - Wessinger-Kunst\",\"isPartOf\":{\"@id\":\"https:\\\/\\\/wessinger-kunst.de\\\/#website\"},\"datePublished\":\"2020-03-14T11:56:23+00:00\",\"dateModified\":\"2022-02-23T16:43:22+00:00\",\"breadcrumb\":{\"@id\":\"https:\\\/\\\/wessinger-kunst.de\\\/index.php\\\/fraktale\\\/#breadcrumb\"},\"inLanguage\":\"de\",\"potentialAction\":[{\"@type\":\"ReadAction\",\"target\":[\"https:\\\/\\\/wessinger-kunst.de\\\/index.php\\\/fraktale\\\/\"]}]},{\"@type\":\"BreadcrumbList\",\"@id\":\"https:\\\/\\\/wessinger-kunst.de\\\/index.php\\\/fraktale\\\/#breadcrumb\",\"itemListElement\":[{\"@type\":\"ListItem\",\"position\":1,\"name\":\"Startseite\",\"item\":\"https:\\\/\\\/wessinger-kunst.de\\\/\"},{\"@type\":\"ListItem\",\"position\":2,\"name\":\"Fraktale\"}]},{\"@type\":\"WebSite\",\"@id\":\"https:\\\/\\\/wessinger-kunst.de\\\/#website\",\"url\":\"https:\\\/\\\/wessinger-kunst.de\\\/\",\"name\":\"Wessinger-Kunst\",\"description\":\"ich mache Kunst\",\"potentialAction\":[{\"@type\":\"SearchAction\",\"target\":{\"@type\":\"EntryPoint\",\"urlTemplate\":\"https:\\\/\\\/wessinger-kunst.de\\\/?s={search_term_string}\"},\"query-input\":{\"@type\":\"PropertyValueSpecification\",\"valueRequired\":true,\"valueName\":\"search_term_string\"}}],\"inLanguage\":\"de\"}]}<\/script>\n<!-- \/ Yoast SEO plugin. -->","yoast_head_json":{"title":"Fraktale - Wessinger-Kunst","robots":{"index":"index","follow":"follow","max-snippet":"max-snippet:-1","max-image-preview":"max-image-preview:large","max-video-preview":"max-video-preview:-1"},"canonical":"https:\/\/wessinger-kunst.de\/index.php\/fraktale\/","og_locale":"de_DE","og_type":"article","og_title":"Fraktale - Wessinger-Kunst","og_description":"Fraktale werden auch als Archetypen der Sch\u00f6pfung bezeichnet. Sie sind ein von dem Mathematiker Beno\u00eet Mandelbrot gepr\u00e4gter Begriff (lateinisch fractus = gebrochen), der bestimmte nat\u00fcrliche oder k\u00fcnstliche Gebilde oder geometrische Muster bezeichnet. Diese Gebilde oder Muster besitzen eine gebrochene Hausdorff-Dimension (= ma\u00dftheoretische Definition der fraktalen Dimension) und weisen zudem einen hohen Grad von Skaleninvarianz bzw. [&hellip;]","og_url":"https:\/\/wessinger-kunst.de\/index.php\/fraktale\/","og_site_name":"Wessinger-Kunst","article_modified_time":"2022-02-23T16:43:22+00:00","twitter_card":"summary_large_image","twitter_misc":{"Gesch\u00e4tzte Lesezeit":"2\u00a0Minuten"},"schema":{"@context":"https:\/\/schema.org","@graph":[{"@type":"WebPage","@id":"https:\/\/wessinger-kunst.de\/index.php\/fraktale\/","url":"https:\/\/wessinger-kunst.de\/index.php\/fraktale\/","name":"Fraktale - Wessinger-Kunst","isPartOf":{"@id":"https:\/\/wessinger-kunst.de\/#website"},"datePublished":"2020-03-14T11:56:23+00:00","dateModified":"2022-02-23T16:43:22+00:00","breadcrumb":{"@id":"https:\/\/wessinger-kunst.de\/index.php\/fraktale\/#breadcrumb"},"inLanguage":"de","potentialAction":[{"@type":"ReadAction","target":["https:\/\/wessinger-kunst.de\/index.php\/fraktale\/"]}]},{"@type":"BreadcrumbList","@id":"https:\/\/wessinger-kunst.de\/index.php\/fraktale\/#breadcrumb","itemListElement":[{"@type":"ListItem","position":1,"name":"Startseite","item":"https:\/\/wessinger-kunst.de\/"},{"@type":"ListItem","position":2,"name":"Fraktale"}]},{"@type":"WebSite","@id":"https:\/\/wessinger-kunst.de\/#website","url":"https:\/\/wessinger-kunst.de\/","name":"Wessinger-Kunst","description":"ich mache Kunst","potentialAction":[{"@type":"SearchAction","target":{"@type":"EntryPoint","urlTemplate":"https:\/\/wessinger-kunst.de\/?s={search_term_string}"},"query-input":{"@type":"PropertyValueSpecification","valueRequired":true,"valueName":"search_term_string"}}],"inLanguage":"de"}]}},"_links":{"self":[{"href":"https:\/\/wessinger-kunst.de\/index.php\/wp-json\/wp\/v2\/pages\/1768","targetHints":{"allow":["GET"]}}],"collection":[{"href":"https:\/\/wessinger-kunst.de\/index.php\/wp-json\/wp\/v2\/pages"}],"about":[{"href":"https:\/\/wessinger-kunst.de\/index.php\/wp-json\/wp\/v2\/types\/page"}],"author":[{"embeddable":true,"href":"https:\/\/wessinger-kunst.de\/index.php\/wp-json\/wp\/v2\/users\/2"}],"replies":[{"embeddable":true,"href":"https:\/\/wessinger-kunst.de\/index.php\/wp-json\/wp\/v2\/comments?post=1768"}],"version-history":[{"count":5,"href":"https:\/\/wessinger-kunst.de\/index.php\/wp-json\/wp\/v2\/pages\/1768\/revisions"}],"predecessor-version":[{"id":2522,"href":"https:\/\/wessinger-kunst.de\/index.php\/wp-json\/wp\/v2\/pages\/1768\/revisions\/2522"}],"wp:attachment":[{"href":"https:\/\/wessinger-kunst.de\/index.php\/wp-json\/wp\/v2\/media?parent=1768"}],"curies":[{"name":"wp","href":"https:\/\/api.w.org\/{rel}","templated":true}]}}