{"id":1775,"date":"2020-03-21T16:45:10","date_gmt":"2020-03-21T16:45:10","guid":{"rendered":"https:\/\/wessinger-kunst.de\/?page_id=1775"},"modified":"2022-02-23T16:31:30","modified_gmt":"2022-02-23T16:31:30","slug":"landschaft","status":"publish","type":"page","link":"https:\/\/wessinger-kunst.de\/index.php\/landschaft\/","title":{"rendered":"Landschaft"},"content":{"rendered":"<p>[et_pb_section fb_built=&#8220;1&#8243; _builder_version=&#8220;4.4.8&#8243; background_color=&#8220;#002845&#8243; width=&#8220;100%&#8220; global_colors_info=&#8220;{}&#8220;][et_pb_row use_custom_gutter=&#8220;on&#8220; gutter_width=&#8220;2&#8243; _builder_version=&#8220;4.0.2&#8243; width=&#8220;100%&#8220; max_width_tablet=&#8220;&#8220; max_width_phone=&#8220;&#8220; max_width_last_edited=&#8220;on|desktop&#8220; module_alignment=&#8220;center&#8220; min_height=&#8220;156px&#8220; custom_margin=&#8220;|auto||-2px||&#8220; global_colors_info=&#8220;{}&#8220; max_width__hover_enabled=&#8220;off|desktop&#8220;][et_pb_column type=&#8220;4_4&#8243; _builder_version=&#8220;3.29.2&#8243; global_colors_info=&#8220;{}&#8220;][et_pb_blurb title=&#8220;Landschaft, Impression&#8220; content_max_width=&#8220;1100px&#8220; content_max_width_tablet=&#8220;&#8220; content_max_width_phone=&#8220;1100px&#8220; content_max_width_last_edited=&#8220;on|desktop&#8220; _builder_version=&#8220;4.13.0&#8243; body_line_height=&#8220;1.1em&#8220; text_orientation=&#8220;justified&#8220; background_layout=&#8220;dark&#8220; custom_padding=&#8220;||0px|||&#8220; global_colors_info=&#8220;{}&#8220;]<\/p>\n<p class=\"western\" style=\"line-height: 115%;\" align=\"left\">Landschaften k\u00f6nnen je nach Stimmung des Betrachters einen ganz besonderen Reiz aus\u00fcben. Einerseits h\u00e4ngt dies sehr von der jeweiligen inneren Einstellung ab, was und wie tief ich empfinde, anderseits nat\u00fcrlich auch davon, welche Lichtverh\u00e4ltnisse herrschen. Die nachfolgenden neun Fotos habe ich durch ein Fenster bei aufziehendem Regen aufgenommen, die Stimmung ist dabei\u00a0 impressionistisch.<\/p>\n<p>[\/et_pb_blurb][et_pb_gallery gallery_ids=&#8220;1637,1541,1540,1538,1537,1536,1535,1534,1533&#8243; posts_number=&#8220;20&#8243; db_images_per_row=&#8220;3&#8243; db_image_center_titles=&#8220;center&#8220; db_image_object_fit=&#8220;contain&#8220; dbdb_version=&#8220;3.7.6&#8243; show_pagination=&#8220;off&#8220; zoom_icon_color=&#8220;rgba(0,0,0,0)&#8220; hover_overlay_color=&#8220;rgba(0,0,0,0)&#8220; _builder_version=&#8220;4.14.8&#8243; title_text_align=&#8220;center&#8220; title_text_color=&#8220;#4f7272&#8243; title_font_size=&#8220;16px&#8220; positioning=&#8220;relative&#8220; text_orientation=&#8220;center&#8220; background_layout=&#8220;dark&#8220; width=&#8220;100%&#8220; module_alignment=&#8220;left&#8220; custom_padding=&#8220;|50px||50px|false|false&#8220; hover_enabled=&#8220;0&#8243; global_colors_info=&#8220;{}&#8220; sticky_enabled=&#8220;0&#8243;][\/et_pb_gallery][et_pb_blurb title=&#8220;Landschaft&#8220; content_max_width=&#8220;1100px&#8220; content_max_width_tablet=&#8220;&#8220; content_max_width_phone=&#8220;1100px&#8220; content_max_width_last_edited=&#8220;on|desktop&#8220; _builder_version=&#8220;4.13.0&#8243; body_line_height=&#8220;1.1em&#8220; text_orientation=&#8220;justified&#8220; background_layout=&#8220;dark&#8220; custom_padding=&#8220;||0px|||&#8220; global_colors_info=&#8220;{}&#8220;]<\/p>\n<p class=\"western\" style=\"line-height: 115%;\" align=\"left\">Aber auch Landschaften, die so wie sie wirken aufgenommen werden, besitzen ihren eigenen Charme. Denn oftmals ist der reine, unverf\u00e4lschte Eindruck imposanter als das Geplante oder die Inszenierung.<\/p>\n<p class=\"western\" style=\"line-height: 115%;\" align=\"left\">Wird fortgesetzt&#8230;<\/p>\n<p class=\"western\" style=\"line-height: 115%;\" align=\"left\">[\/et_pb_blurb][et_pb_gallery gallery_ids=&#8220;1531,1525,1523,1530,1529,1527,1526,1524,1532&#8243; posts_number=&#8220;20&#8243; db_images_per_row=&#8220;3&#8243; db_image_object_fit=&#8220;contain&#8220; dbdb_version=&#8220;3.7.6&#8243; show_pagination=&#8220;off&#8220; zoom_icon_color=&#8220;rgba(0,0,0,0)&#8220; hover_overlay_color=&#8220;rgba(0,0,0,0)&#8220; _builder_version=&#8220;4.14.8&#8243; title_text_color=&#8220;#4f7272&#8243; title_font_size=&#8220;16px&#8220; positioning=&#8220;relative&#8220; text_orientation=&#8220;center&#8220; background_layout=&#8220;dark&#8220; width=&#8220;100%&#8220; module_alignment=&#8220;left&#8220; custom_padding=&#8220;|50px||50px|false|false&#8220; hover_enabled=&#8220;0&#8243; global_colors_info=&#8220;{}&#8220; title_text_align=&#8220;center&#8220; sticky_enabled=&#8220;0&#8243;][\/et_pb_gallery][\/et_pb_column][\/et_pb_row][\/et_pb_section]<\/p>\n","protected":false},"excerpt":{"rendered":"<p>Landschaften k\u00f6nnen je nach Stimmung des Betrachters einen ganz besonderen Reiz aus\u00fcben. Einerseits h\u00e4ngt dies sehr von der jeweiligen inneren Einstellung ab, was und wie tief ich empfinde, anderseits nat\u00fcrlich auch davon, welche Lichtverh\u00e4ltnisse herrschen. Die nachfolgenden neun Fotos habe ich durch ein Fenster bei aufziehendem Regen aufgenommen, die Stimmung ist dabei\u00a0 impressionistisch.Aber auch Landschaften, [&hellip;]<\/p>\n","protected":false},"author":2,"featured_media":0,"parent":0,"menu_order":0,"comment_status":"closed","ping_status":"closed","template":"","meta":{"_et_pb_use_builder":"on","_et_pb_old_content":"","_et_gb_content_width":"","footnotes":""},"class_list":["post-1775","page","type-page","status-publish","hentry"],"yoast_head":"<!-- This site is optimized with the Yoast SEO plugin v27.3 - https:\/\/yoast.com\/product\/yoast-seo-wordpress\/ -->\n<title>Landschaft - Wessinger-Kunst<\/title>\n<meta name=\"robots\" content=\"index, follow, max-snippet:-1, max-image-preview:large, max-video-preview:-1\" \/>\n<link rel=\"canonical\" href=\"https:\/\/wessinger-kunst.de\/index.php\/landschaft\/\" \/>\n<meta property=\"og:locale\" content=\"de_DE\" \/>\n<meta property=\"og:type\" content=\"article\" \/>\n<meta property=\"og:title\" content=\"Landschaft - Wessinger-Kunst\" \/>\n<meta property=\"og:description\" content=\"Landschaften k\u00f6nnen je nach Stimmung des Betrachters einen ganz besonderen Reiz aus\u00fcben. Einerseits h\u00e4ngt dies sehr von der jeweiligen inneren Einstellung ab, was und wie tief ich empfinde, anderseits nat\u00fcrlich auch davon, welche Lichtverh\u00e4ltnisse herrschen. Die nachfolgenden neun Fotos habe ich durch ein Fenster bei aufziehendem Regen aufgenommen, die Stimmung ist dabei\u00a0 impressionistisch.Aber auch Landschaften, [&hellip;]\" \/>\n<meta property=\"og:url\" content=\"https:\/\/wessinger-kunst.de\/index.php\/landschaft\/\" \/>\n<meta property=\"og:site_name\" content=\"Wessinger-Kunst\" \/>\n<meta property=\"article:modified_time\" content=\"2022-02-23T16:31:30+00:00\" \/>\n<meta name=\"twitter:card\" content=\"summary_large_image\" \/>\n<meta name=\"twitter:label1\" content=\"Gesch\u00e4tzte Lesezeit\" \/>\n\t<meta name=\"twitter:data1\" content=\"2\u00a0Minuten\" \/>\n<script type=\"application\/ld+json\" class=\"yoast-schema-graph\">{\"@context\":\"https:\\\/\\\/schema.org\",\"@graph\":[{\"@type\":\"WebPage\",\"@id\":\"https:\\\/\\\/wessinger-kunst.de\\\/index.php\\\/landschaft\\\/\",\"url\":\"https:\\\/\\\/wessinger-kunst.de\\\/index.php\\\/landschaft\\\/\",\"name\":\"Landschaft - Wessinger-Kunst\",\"isPartOf\":{\"@id\":\"https:\\\/\\\/wessinger-kunst.de\\\/#website\"},\"datePublished\":\"2020-03-21T16:45:10+00:00\",\"dateModified\":\"2022-02-23T16:31:30+00:00\",\"breadcrumb\":{\"@id\":\"https:\\\/\\\/wessinger-kunst.de\\\/index.php\\\/landschaft\\\/#breadcrumb\"},\"inLanguage\":\"de\",\"potentialAction\":[{\"@type\":\"ReadAction\",\"target\":[\"https:\\\/\\\/wessinger-kunst.de\\\/index.php\\\/landschaft\\\/\"]}]},{\"@type\":\"BreadcrumbList\",\"@id\":\"https:\\\/\\\/wessinger-kunst.de\\\/index.php\\\/landschaft\\\/#breadcrumb\",\"itemListElement\":[{\"@type\":\"ListItem\",\"position\":1,\"name\":\"Startseite\",\"item\":\"https:\\\/\\\/wessinger-kunst.de\\\/\"},{\"@type\":\"ListItem\",\"position\":2,\"name\":\"Landschaft\"}]},{\"@type\":\"WebSite\",\"@id\":\"https:\\\/\\\/wessinger-kunst.de\\\/#website\",\"url\":\"https:\\\/\\\/wessinger-kunst.de\\\/\",\"name\":\"Wessinger-Kunst\",\"description\":\"ich mache Kunst\",\"potentialAction\":[{\"@type\":\"SearchAction\",\"target\":{\"@type\":\"EntryPoint\",\"urlTemplate\":\"https:\\\/\\\/wessinger-kunst.de\\\/?s={search_term_string}\"},\"query-input\":{\"@type\":\"PropertyValueSpecification\",\"valueRequired\":true,\"valueName\":\"search_term_string\"}}],\"inLanguage\":\"de\"}]}<\/script>\n<!-- \/ Yoast SEO plugin. -->","yoast_head_json":{"title":"Landschaft - Wessinger-Kunst","robots":{"index":"index","follow":"follow","max-snippet":"max-snippet:-1","max-image-preview":"max-image-preview:large","max-video-preview":"max-video-preview:-1"},"canonical":"https:\/\/wessinger-kunst.de\/index.php\/landschaft\/","og_locale":"de_DE","og_type":"article","og_title":"Landschaft - Wessinger-Kunst","og_description":"Landschaften k\u00f6nnen je nach Stimmung des Betrachters einen ganz besonderen Reiz aus\u00fcben. Einerseits h\u00e4ngt dies sehr von der jeweiligen inneren Einstellung ab, was und wie tief ich empfinde, anderseits nat\u00fcrlich auch davon, welche Lichtverh\u00e4ltnisse herrschen. Die nachfolgenden neun Fotos habe ich durch ein Fenster bei aufziehendem Regen aufgenommen, die Stimmung ist dabei\u00a0 impressionistisch.Aber auch Landschaften, [&hellip;]","og_url":"https:\/\/wessinger-kunst.de\/index.php\/landschaft\/","og_site_name":"Wessinger-Kunst","article_modified_time":"2022-02-23T16:31:30+00:00","twitter_card":"summary_large_image","twitter_misc":{"Gesch\u00e4tzte Lesezeit":"2\u00a0Minuten"},"schema":{"@context":"https:\/\/schema.org","@graph":[{"@type":"WebPage","@id":"https:\/\/wessinger-kunst.de\/index.php\/landschaft\/","url":"https:\/\/wessinger-kunst.de\/index.php\/landschaft\/","name":"Landschaft - Wessinger-Kunst","isPartOf":{"@id":"https:\/\/wessinger-kunst.de\/#website"},"datePublished":"2020-03-21T16:45:10+00:00","dateModified":"2022-02-23T16:31:30+00:00","breadcrumb":{"@id":"https:\/\/wessinger-kunst.de\/index.php\/landschaft\/#breadcrumb"},"inLanguage":"de","potentialAction":[{"@type":"ReadAction","target":["https:\/\/wessinger-kunst.de\/index.php\/landschaft\/"]}]},{"@type":"BreadcrumbList","@id":"https:\/\/wessinger-kunst.de\/index.php\/landschaft\/#breadcrumb","itemListElement":[{"@type":"ListItem","position":1,"name":"Startseite","item":"https:\/\/wessinger-kunst.de\/"},{"@type":"ListItem","position":2,"name":"Landschaft"}]},{"@type":"WebSite","@id":"https:\/\/wessinger-kunst.de\/#website","url":"https:\/\/wessinger-kunst.de\/","name":"Wessinger-Kunst","description":"ich mache Kunst","potentialAction":[{"@type":"SearchAction","target":{"@type":"EntryPoint","urlTemplate":"https:\/\/wessinger-kunst.de\/?s={search_term_string}"},"query-input":{"@type":"PropertyValueSpecification","valueRequired":true,"valueName":"search_term_string"}}],"inLanguage":"de"}]}},"_links":{"self":[{"href":"https:\/\/wessinger-kunst.de\/index.php\/wp-json\/wp\/v2\/pages\/1775","targetHints":{"allow":["GET"]}}],"collection":[{"href":"https:\/\/wessinger-kunst.de\/index.php\/wp-json\/wp\/v2\/pages"}],"about":[{"href":"https:\/\/wessinger-kunst.de\/index.php\/wp-json\/wp\/v2\/types\/page"}],"author":[{"embeddable":true,"href":"https:\/\/wessinger-kunst.de\/index.php\/wp-json\/wp\/v2\/users\/2"}],"replies":[{"embeddable":true,"href":"https:\/\/wessinger-kunst.de\/index.php\/wp-json\/wp\/v2\/comments?post=1775"}],"version-history":[{"count":10,"href":"https:\/\/wessinger-kunst.de\/index.php\/wp-json\/wp\/v2\/pages\/1775\/revisions"}],"predecessor-version":[{"id":2514,"href":"https:\/\/wessinger-kunst.de\/index.php\/wp-json\/wp\/v2\/pages\/1775\/revisions\/2514"}],"wp:attachment":[{"href":"https:\/\/wessinger-kunst.de\/index.php\/wp-json\/wp\/v2\/media?parent=1775"}],"curies":[{"name":"wp","href":"https:\/\/api.w.org\/{rel}","templated":true}]}}