{"id":626,"date":"2020-02-12T17:35:51","date_gmt":"2020-02-12T17:35:51","guid":{"rendered":"https:\/\/wessinger-kunst.de\/?page_id=626"},"modified":"2022-02-23T16:30:21","modified_gmt":"2022-02-23T16:30:21","slug":"kreative-geometrie","status":"publish","type":"page","link":"https:\/\/wessinger-kunst.de\/index.php\/kreative-geometrie\/","title":{"rendered":"Kreative Geometrie"},"content":{"rendered":"<p>[et_pb_section fb_built=&#8220;1&#8243; _builder_version=&#8220;4.4.8&#8243; background_color=&#8220;#002845&#8243; width=&#8220;100%&#8220; global_colors_info=&#8220;{}&#8220;][et_pb_row use_custom_gutter=&#8220;on&#8220; gutter_width=&#8220;2&#8243; _builder_version=&#8220;4.0.2&#8243; width=&#8220;100%&#8220; max_width_tablet=&#8220;&#8220; max_width_phone=&#8220;&#8220; max_width_last_edited=&#8220;on|desktop&#8220; module_alignment=&#8220;center&#8220; custom_margin=&#8220;|auto||-2px||&#8220; global_colors_info=&#8220;{}&#8220; max_width__hover_enabled=&#8220;off|desktop&#8220;][et_pb_column type=&#8220;4_4&#8243; _builder_version=&#8220;3.29.2&#8243; global_colors_info=&#8220;{}&#8220;][et_pb_blurb title=&#8220;Flie\u00dfende Formen&#8220; content_max_width=&#8220;1100px&#8220; content_max_width_tablet=&#8220;&#8220; content_max_width_phone=&#8220;1100px&#8220; content_max_width_last_edited=&#8220;on|desktop&#8220; _builder_version=&#8220;4.13.0&#8243; body_line_height=&#8220;1.1em&#8220; text_orientation=&#8220;justified&#8220; background_layout=&#8220;dark&#8220; custom_padding=&#8220;||0px|||&#8220; global_colors_info=&#8220;{}&#8220;]<\/p>\n<div id=\"mitte\">\n<div id=\"inhalt\">\n<div id=\"c38\" class=\"csc-default\">\n<div class=\"csc-textpic csc-textpic-center csc-textpic-above csc-textpic-equalheight\">\n<div class=\"csc-textpic-text\">\n<p class=\"western\" style=\"line-height: 115%; text-align: justify;\" align=\"left\">Was ist, wenn ein Foto Linien und Rahmen verliert oder diese neu variiert werden &#8211; die Trennung der Farben und Formen gar nicht oder nur willk\u00fcrlich erfolgt, was entsteht daraus? Ergeben sich daraus &#8222;anarchische&#8220; Strukturen, ein Chaos oder eine neue Ordnung?<\/p>\n<p class=\"western\" style=\"line-height: 115%; text-align: justify;\" align=\"left\">Ich habe einige Fotografien &#8222;verfl\u00fcssigt&#8220; 0der neu variiert und das Ergebnis sind Bilder, die viel Platz f\u00fcr Interpretation und Fantasie lassen. Sie k\u00f6nnen Stimmungen erzeugen, wenn man sich darauf einl\u00e4sst, sie k\u00f6nnen inspirieren, wenn man sich \u00f6ffnet. Die Bewusstwerdung der Gef\u00fchle und das Durchleben der eigenen Emotionen kann zum Abenteuer werden aus dem man gest\u00e4rkt und mit mehr &#8222;Selbst-Verst\u00e4ndnis&#8220; hervorgeht.<\/p>\n<p class=\"western\" style=\"line-height: 115%; text-align: justify;\" align=\"left\">Sich etwas Flie\u00dfendem hinzugeben, sich treiben zu lassen, kann beunruhigend sein, da die festen Bezugsgr\u00f6\u00dfen fehlen; es besteht aber andererseits die Chance, durch einen Positionswechsel neue innovative und kreative Impulse zu finden.<\/p>\n<p class=\"western\" style=\"line-height: 115%; text-align: justify;\" align=\"left\">Wird fortgesetzt&#8230;<\/p>\n<p class=\"western\" style=\"line-height: 115%;\" align=\"left\">\n<\/div>\n<\/div>\n<\/div>\n<\/div>\n<\/div>\n<p>[\/et_pb_blurb][et_pb_gallery gallery_ids=&#8220;617,624,625,623,614,621,620,618,616,612,615,609,610,622,611,613,608,607,619&#8243; posts_number=&#8220;20&#8243; db_images_per_row=&#8220;4&#8243; db_image_object_fit=&#8220;contain&#8220; dbdb_version=&#8220;3.7.6&#8243; show_pagination=&#8220;off&#8220; zoom_icon_color=&#8220;rgba(0,0,0,0)&#8220; hover_overlay_color=&#8220;rgba(0,0,0,0)&#8220; _builder_version=&#8220;4.14.8&#8243; positioning=&#8220;relative&#8220; text_orientation=&#8220;center&#8220; width=&#8220;100%&#8220; module_alignment=&#8220;left&#8220; custom_padding=&#8220;|50px||50px|false|false&#8220; hover_enabled=&#8220;0&#8243; global_colors_info=&#8220;{}&#8220; title_text_align=&#8220;center&#8220; sticky_enabled=&#8220;0&#8243; title_text_color=&#8220;#335555&#8243;][\/et_pb_gallery][et_pb_blurb content_max_width=&#8220;1100px&#8220; content_max_width_tablet=&#8220;&#8220; content_max_width_phone=&#8220;1100px&#8220; content_max_width_last_edited=&#8220;on|desktop&#8220; _builder_version=&#8220;4.13.0&#8243; body_line_height=&#8220;1.1em&#8220; text_orientation=&#8220;justified&#8220; background_layout=&#8220;dark&#8220; custom_padding=&#8220;||0px|||&#8220; global_colors_info=&#8220;{}&#8220;][\/et_pb_blurb][\/et_pb_column][\/et_pb_row][\/et_pb_section]<\/p>\n","protected":false},"excerpt":{"rendered":"<p>Was ist, wenn ein Foto Linien und Rahmen verliert oder diese neu variiert werden &#8211; die Trennung der Farben und Formen gar nicht oder nur willk\u00fcrlich erfolgt, was entsteht daraus? Ergeben sich daraus &#8222;anarchische&#8220; Strukturen, ein Chaos oder eine neue Ordnung? Ich habe einige Fotografien &#8222;verfl\u00fcssigt&#8220; 0der neu variiert und das Ergebnis sind Bilder, die [&hellip;]<\/p>\n","protected":false},"author":2,"featured_media":0,"parent":0,"menu_order":0,"comment_status":"closed","ping_status":"closed","template":"","meta":{"_et_pb_use_builder":"on","_et_pb_old_content":"","_et_gb_content_width":"","footnotes":""},"class_list":["post-626","page","type-page","status-publish","hentry"],"yoast_head":"<!-- This site is optimized with the Yoast SEO plugin v27.5 - https:\/\/yoast.com\/product\/yoast-seo-wordpress\/ -->\n<title>Kreative Geometrie - Wessinger-Kunst<\/title>\n<meta name=\"robots\" content=\"index, follow, max-snippet:-1, max-image-preview:large, max-video-preview:-1\" \/>\n<link rel=\"canonical\" href=\"https:\/\/wessinger-kunst.de\/index.php\/kreative-geometrie\/\" \/>\n<meta property=\"og:locale\" content=\"de_DE\" \/>\n<meta property=\"og:type\" content=\"article\" \/>\n<meta property=\"og:title\" content=\"Kreative Geometrie - Wessinger-Kunst\" \/>\n<meta property=\"og:description\" content=\"Was ist, wenn ein Foto Linien und Rahmen verliert oder diese neu variiert werden - die Trennung der Farben und Formen gar nicht oder nur willk\u00fcrlich erfolgt, was entsteht daraus? Ergeben sich daraus &quot;anarchische&quot; Strukturen, ein Chaos oder eine neue Ordnung? Ich habe einige Fotografien &quot;verfl\u00fcssigt&quot; 0der neu variiert und das Ergebnis sind Bilder, die [&hellip;]\" \/>\n<meta property=\"og:url\" content=\"https:\/\/wessinger-kunst.de\/index.php\/kreative-geometrie\/\" \/>\n<meta property=\"og:site_name\" content=\"Wessinger-Kunst\" \/>\n<meta property=\"article:modified_time\" content=\"2022-02-23T16:30:21+00:00\" \/>\n<meta name=\"twitter:card\" content=\"summary_large_image\" \/>\n<meta name=\"twitter:label1\" content=\"Gesch\u00e4tzte Lesezeit\" \/>\n\t<meta name=\"twitter:data1\" content=\"2\u00a0Minuten\" \/>\n<script type=\"application\/ld+json\" class=\"yoast-schema-graph\">{\"@context\":\"https:\\\/\\\/schema.org\",\"@graph\":[{\"@type\":\"WebPage\",\"@id\":\"https:\\\/\\\/wessinger-kunst.de\\\/index.php\\\/kreative-geometrie\\\/\",\"url\":\"https:\\\/\\\/wessinger-kunst.de\\\/index.php\\\/kreative-geometrie\\\/\",\"name\":\"Kreative Geometrie - Wessinger-Kunst\",\"isPartOf\":{\"@id\":\"https:\\\/\\\/wessinger-kunst.de\\\/#website\"},\"datePublished\":\"2020-02-12T17:35:51+00:00\",\"dateModified\":\"2022-02-23T16:30:21+00:00\",\"breadcrumb\":{\"@id\":\"https:\\\/\\\/wessinger-kunst.de\\\/index.php\\\/kreative-geometrie\\\/#breadcrumb\"},\"inLanguage\":\"de\",\"potentialAction\":[{\"@type\":\"ReadAction\",\"target\":[\"https:\\\/\\\/wessinger-kunst.de\\\/index.php\\\/kreative-geometrie\\\/\"]}]},{\"@type\":\"BreadcrumbList\",\"@id\":\"https:\\\/\\\/wessinger-kunst.de\\\/index.php\\\/kreative-geometrie\\\/#breadcrumb\",\"itemListElement\":[{\"@type\":\"ListItem\",\"position\":1,\"name\":\"Startseite\",\"item\":\"https:\\\/\\\/wessinger-kunst.de\\\/\"},{\"@type\":\"ListItem\",\"position\":2,\"name\":\"Kreative Geometrie\"}]},{\"@type\":\"WebSite\",\"@id\":\"https:\\\/\\\/wessinger-kunst.de\\\/#website\",\"url\":\"https:\\\/\\\/wessinger-kunst.de\\\/\",\"name\":\"Wessinger-Kunst\",\"description\":\"ich mache Kunst\",\"potentialAction\":[{\"@type\":\"SearchAction\",\"target\":{\"@type\":\"EntryPoint\",\"urlTemplate\":\"https:\\\/\\\/wessinger-kunst.de\\\/?s={search_term_string}\"},\"query-input\":{\"@type\":\"PropertyValueSpecification\",\"valueRequired\":true,\"valueName\":\"search_term_string\"}}],\"inLanguage\":\"de\"}]}<\/script>\n<!-- \/ Yoast SEO plugin. -->","yoast_head_json":{"title":"Kreative Geometrie - Wessinger-Kunst","robots":{"index":"index","follow":"follow","max-snippet":"max-snippet:-1","max-image-preview":"max-image-preview:large","max-video-preview":"max-video-preview:-1"},"canonical":"https:\/\/wessinger-kunst.de\/index.php\/kreative-geometrie\/","og_locale":"de_DE","og_type":"article","og_title":"Kreative Geometrie - Wessinger-Kunst","og_description":"Was ist, wenn ein Foto Linien und Rahmen verliert oder diese neu variiert werden - die Trennung der Farben und Formen gar nicht oder nur willk\u00fcrlich erfolgt, was entsteht daraus? Ergeben sich daraus \"anarchische\" Strukturen, ein Chaos oder eine neue Ordnung? Ich habe einige Fotografien \"verfl\u00fcssigt\" 0der neu variiert und das Ergebnis sind Bilder, die [&hellip;]","og_url":"https:\/\/wessinger-kunst.de\/index.php\/kreative-geometrie\/","og_site_name":"Wessinger-Kunst","article_modified_time":"2022-02-23T16:30:21+00:00","twitter_card":"summary_large_image","twitter_misc":{"Gesch\u00e4tzte Lesezeit":"2\u00a0Minuten"},"schema":{"@context":"https:\/\/schema.org","@graph":[{"@type":"WebPage","@id":"https:\/\/wessinger-kunst.de\/index.php\/kreative-geometrie\/","url":"https:\/\/wessinger-kunst.de\/index.php\/kreative-geometrie\/","name":"Kreative Geometrie - Wessinger-Kunst","isPartOf":{"@id":"https:\/\/wessinger-kunst.de\/#website"},"datePublished":"2020-02-12T17:35:51+00:00","dateModified":"2022-02-23T16:30:21+00:00","breadcrumb":{"@id":"https:\/\/wessinger-kunst.de\/index.php\/kreative-geometrie\/#breadcrumb"},"inLanguage":"de","potentialAction":[{"@type":"ReadAction","target":["https:\/\/wessinger-kunst.de\/index.php\/kreative-geometrie\/"]}]},{"@type":"BreadcrumbList","@id":"https:\/\/wessinger-kunst.de\/index.php\/kreative-geometrie\/#breadcrumb","itemListElement":[{"@type":"ListItem","position":1,"name":"Startseite","item":"https:\/\/wessinger-kunst.de\/"},{"@type":"ListItem","position":2,"name":"Kreative Geometrie"}]},{"@type":"WebSite","@id":"https:\/\/wessinger-kunst.de\/#website","url":"https:\/\/wessinger-kunst.de\/","name":"Wessinger-Kunst","description":"ich mache Kunst","potentialAction":[{"@type":"SearchAction","target":{"@type":"EntryPoint","urlTemplate":"https:\/\/wessinger-kunst.de\/?s={search_term_string}"},"query-input":{"@type":"PropertyValueSpecification","valueRequired":true,"valueName":"search_term_string"}}],"inLanguage":"de"}]}},"_links":{"self":[{"href":"https:\/\/wessinger-kunst.de\/index.php\/wp-json\/wp\/v2\/pages\/626","targetHints":{"allow":["GET"]}}],"collection":[{"href":"https:\/\/wessinger-kunst.de\/index.php\/wp-json\/wp\/v2\/pages"}],"about":[{"href":"https:\/\/wessinger-kunst.de\/index.php\/wp-json\/wp\/v2\/types\/page"}],"author":[{"embeddable":true,"href":"https:\/\/wessinger-kunst.de\/index.php\/wp-json\/wp\/v2\/users\/2"}],"replies":[{"embeddable":true,"href":"https:\/\/wessinger-kunst.de\/index.php\/wp-json\/wp\/v2\/comments?post=626"}],"version-history":[{"count":18,"href":"https:\/\/wessinger-kunst.de\/index.php\/wp-json\/wp\/v2\/pages\/626\/revisions"}],"predecessor-version":[{"id":2513,"href":"https:\/\/wessinger-kunst.de\/index.php\/wp-json\/wp\/v2\/pages\/626\/revisions\/2513"}],"wp:attachment":[{"href":"https:\/\/wessinger-kunst.de\/index.php\/wp-json\/wp\/v2\/media?parent=626"}],"curies":[{"name":"wp","href":"https:\/\/api.w.org\/{rel}","templated":true}]}}